{"id":245,"date":"2018-06-20T07:25:44","date_gmt":"2018-06-20T07:25:44","guid":{"rendered":"https:\/\/solja.rs\/index.php\/product\/organic-handpicked-coffee\/"},"modified":"2026-04-27T22:00:26","modified_gmt":"2026-04-27T21:00:26","slug":"ljubavni-motivi","status":"publish","type":"product","link":"https:\/\/solja.rs\/index.php\/product\/ljubavni-motivi\/","title":{"rendered":"A+ \u0161olja sa motivima za zaljubljene"},"content":{"rendered":"<p>\u0160tampa na \u0161olji prve klase. Vrhunski kvalitet i veliki izbor motiva za \u0161tampu.<br \/>\nU na\u0161em e-marketu mo\u017eete prona\u0107i veliki broj razli\u010ditih modela \u0161olja za \u0161tampu.<br \/>\n&#8211; Bele \u0161olje<br \/>\n&#8211; Magi\u010dne \u0161olje<br \/>\n&#8211; \u0160olje sa dr\u0161kom u boji<br \/>\n&#8211; \u0160olje sa dr\u0161kom u obliku srca<br \/>\n-Magi\u010dne \u0161olje sa dr\u0161kom u obliku srca<\/p>\n","protected":false},"excerpt":{"rendered":"<p>Savr\u0161en na\u010din da voljenoj osobi poka\u017eete koliko vam je stalo. \u0160olja sa sa ljubavim motivima<\/p>\n","protected":false},"featured_media":3082,"comment_status":"open","ping_status":"closed","template":"","meta":{"site-sidebar-layout":"default","site-content-layout":"default","ast-global-header-display":"","ast-main-header-display":"","ast-hfb-above-header-display":"","ast-hfb-below-header-display":"","ast-hfb-mobile-header-display":"","site-post-title":"","ast-breadcrumbs-content":"","ast-featured-img":"","footer-sml-layout":"","theme-transparent-header-meta":"default","adv-header-id-meta":"","stick-header-meta":"","header-above-stick-meta":"","header-main-stick-meta":"","header-below-stick-meta":""},"jetpack_sharing_enabled":true,"_links":{"self":[{"href":"https:\/\/solja.rs\/index.php\/wp-json\/wp\/v2\/product\/245"}],"collection":[{"href":"https:\/\/solja.rs\/index.php\/wp-json\/wp\/v2\/product"}],"about":[{"href":"https:\/\/solja.rs\/index.php\/wp-json\/wp\/v2\/types\/product"}],"replies":[{"embeddable":true,"href":"https:\/\/solja.rs\/index.php\/wp-json\/wp\/v2\/comments?post=245"}],"wp:featuredmedia":[{"embeddable":true,"href":"https:\/\/solja.rs\/index.php\/wp-json\/wp\/v2\/media\/3082"}],"wp:attachment":[{"href":"https:\/\/solja.rs\/index.php\/wp-json\/wp\/v2\/media?parent=245"}],"curies":[{"name":"wp","href":"https:\/\/api.w.org\/{rel}","templated":true}]}}