{"id":243,"date":"2018-06-20T07:16:56","date_gmt":"2018-06-20T07:16:56","guid":{"rendered":"https:\/\/solja.rs\/index.php\/product\/assorted-dry-fruits\/"},"modified":"2023-01-29T15:02:12","modified_gmt":"2023-01-29T15:02:12","slug":"motiviizserija","status":"publish","type":"product","link":"https:\/\/solja.rs\/index.php\/product\/motiviizserija\/","title":{"rendered":"A+ \u0160olje sa motivima iz serija"},"content":{"rendered":"<p>Pogledajte na\u0161u galeriju ili nam po\u0161aljite fotografiju iz va\u0161e omiljene serije.<\/p>\n","protected":false},"excerpt":{"rendered":"<p>\u0160tampa na \u0161olji prve klase. Vrhunski kvalitet i veliki izbor motiva za \u0161tampu.<br \/>\nU na\u0161em e-marketu mo\u017eete prona\u0107i veliki broj razli\u010ditih modela \u0161olja za \u0161tampu.<br \/>\n\u2013 Bele \u0161olje<br \/>\n\u2013 Magi\u010dne \u0161olje<br \/>\n\u2013 \u0160olje sa dr\u0161kom u boji<br \/>\n\u2013 \u0160olje sa dr\u0161kom u obliku srca<br \/>\n-Magi\u010dne \u0161olje sa dr\u0161kom u obliku srca<\/p>\n","protected":false},"featured_media":3078,"comment_status":"open","ping_status":"closed","template":"","meta":{"site-sidebar-layout":"default","site-content-layout":"default","ast-global-header-display":"","ast-main-header-display":"","ast-hfb-above-header-display":"","ast-hfb-below-header-display":"","ast-hfb-mobile-header-display":"","site-post-title":"","ast-breadcrumbs-content":"","ast-featured-img":"","footer-sml-layout":"","theme-transparent-header-meta":"default","adv-header-id-meta":"","stick-header-meta":"","header-above-stick-meta":"","header-main-stick-meta":"","header-below-stick-meta":""},"jetpack_sharing_enabled":true,"_links":{"self":[{"href":"https:\/\/solja.rs\/index.php\/wp-json\/wp\/v2\/product\/243"}],"collection":[{"href":"https:\/\/solja.rs\/index.php\/wp-json\/wp\/v2\/product"}],"about":[{"href":"https:\/\/solja.rs\/index.php\/wp-json\/wp\/v2\/types\/product"}],"replies":[{"embeddable":true,"href":"https:\/\/solja.rs\/index.php\/wp-json\/wp\/v2\/comments?post=243"}],"wp:featuredmedia":[{"embeddable":true,"href":"https:\/\/solja.rs\/index.php\/wp-json\/wp\/v2\/media\/3078"}],"wp:attachment":[{"href":"https:\/\/solja.rs\/index.php\/wp-json\/wp\/v2\/media?parent=243"}],"curies":[{"name":"wp","href":"https:\/\/api.w.org\/{rel}","templated":true}]}}