{"id":242,"date":"2018-06-20T07:16:12","date_gmt":"2018-06-20T06:16:12","guid":{"rendered":"https:\/\/solja.rs\/index.php\/product\/fresh-orange-juice\/"},"modified":"2023-07-05T07:26:50","modified_gmt":"2023-07-05T06:26:50","slug":"fresh-orange-juice","status":"publish","type":"product","link":"https:\/\/solja.rs\/index.php\/product\/fresh-orange-juice\/","title":{"rendered":"Podloge za Mi\u0161"},"content":{"rendered":"<p>Podloge za mi\u0161 sa va\u0161om fotografijom i tekstom<\/p>\n","protected":false},"excerpt":{"rendered":"<p>Jedinstven poklon &#8211; podloge za mi\u0161\u00a0 sa va\u0161om fotografijom i tekstom<br \/>\nDimenzije: 21 x 18 cm<\/p>\n","protected":false},"featured_media":3152,"comment_status":"open","ping_status":"closed","template":"","meta":{"site-sidebar-layout":"default","site-content-layout":"default","ast-global-header-display":"","ast-main-header-display":"","ast-hfb-above-header-display":"","ast-hfb-below-header-display":"","ast-hfb-mobile-header-display":"","site-post-title":"","ast-breadcrumbs-content":"","ast-featured-img":"","footer-sml-layout":"","theme-transparent-header-meta":"default","adv-header-id-meta":"","stick-header-meta":"","header-above-stick-meta":"","header-main-stick-meta":"","header-below-stick-meta":""},"jetpack_sharing_enabled":true,"_links":{"self":[{"href":"https:\/\/solja.rs\/index.php\/wp-json\/wp\/v2\/product\/242"}],"collection":[{"href":"https:\/\/solja.rs\/index.php\/wp-json\/wp\/v2\/product"}],"about":[{"href":"https:\/\/solja.rs\/index.php\/wp-json\/wp\/v2\/types\/product"}],"replies":[{"embeddable":true,"href":"https:\/\/solja.rs\/index.php\/wp-json\/wp\/v2\/comments?post=242"}],"wp:featuredmedia":[{"embeddable":true,"href":"https:\/\/solja.rs\/index.php\/wp-json\/wp\/v2\/media\/3152"}],"wp:attachment":[{"href":"https:\/\/solja.rs\/index.php\/wp-json\/wp\/v2\/media?parent=242"}],"curies":[{"name":"wp","href":"https:\/\/api.w.org\/{rel}","templated":true}]}}