{"id":168,"date":"2018-06-19T13:42:19","date_gmt":"2018-06-19T12:42:19","guid":{"rendered":"https:\/\/solja.rs\/index.php\/product\/assorted-coffee\/"},"modified":"2023-01-29T15:06:16","modified_gmt":"2023-01-29T15:06:16","slug":"assorted-coffee","status":"publish","type":"product","link":"https:\/\/solja.rs\/index.php\/product\/assorted-coffee\/","title":{"rendered":"\u0160olje sa motivima iz serija"},"content":{"rendered":"<p>Pogledajte na\u0161u galeriju ili nam po\u0161aljite fotografiju iz va\u0161e omiljene serije.<\/p>\n","protected":false},"excerpt":{"rendered":"<p>Pogledajte na\u0161u galeriju ili nam po\u0161aljite fotografiju iz va\u0161e omiljene serije..<\/p>\n","protected":false},"featured_media":3078,"comment_status":"open","ping_status":"closed","template":"","meta":{"site-sidebar-layout":"default","site-content-layout":"default","ast-global-header-display":"","ast-main-header-display":"","ast-hfb-above-header-display":"","ast-hfb-below-header-display":"","ast-hfb-mobile-header-display":"","site-post-title":"","ast-breadcrumbs-content":"","ast-featured-img":"","footer-sml-layout":"","theme-transparent-header-meta":"default","adv-header-id-meta":"","stick-header-meta":"","header-above-stick-meta":"","header-main-stick-meta":"","header-below-stick-meta":""},"jetpack_sharing_enabled":true,"_links":{"self":[{"href":"https:\/\/solja.rs\/index.php\/wp-json\/wp\/v2\/product\/168"}],"collection":[{"href":"https:\/\/solja.rs\/index.php\/wp-json\/wp\/v2\/product"}],"about":[{"href":"https:\/\/solja.rs\/index.php\/wp-json\/wp\/v2\/types\/product"}],"replies":[{"embeddable":true,"href":"https:\/\/solja.rs\/index.php\/wp-json\/wp\/v2\/comments?post=168"}],"wp:featuredmedia":[{"embeddable":true,"href":"https:\/\/solja.rs\/index.php\/wp-json\/wp\/v2\/media\/3078"}],"wp:attachment":[{"href":"https:\/\/solja.rs\/index.php\/wp-json\/wp\/v2\/media?parent=168"}],"curies":[{"name":"wp","href":"https:\/\/api.w.org\/{rel}","templated":true}]}}